{"id":12954,"date":"2021-05-05T08:23:10","date_gmt":"2021-05-05T08:23:10","guid":{"rendered":"https:\/\/fundacionfleishman.org\/?page_id=12954"},"modified":"2024-07-01T04:35:41","modified_gmt":"2024-07-01T04:35:41","slug":"aviso-de-privacidad","status":"publish","type":"page","link":"https:\/\/fundacionfleishman.org\/en\/aviso-de-privacidad\/","title":{"rendered":"Aviso de Privacidad"},"content":{"rendered":"<div data-elementor-type=\"wp-page\" data-elementor-id=\"12954\" class=\"elementor elementor-12954\">\n\t\t\t\t\t\t<section class=\"elementor-section elementor-top-section elementor-element elementor-element-0c349ae elementor-section-boxed elementor-section-height-default elementor-section-height-default wpr-particle-no wpr-jarallax-no wpr-parallax-no wpr-sticky-section-no wpr-equal-height-no sc_fly_static\" data-id=\"0c349ae\" data-element_type=\"section\" data-e-type=\"section\">\n\t\t\t\t\t\t<div class=\"elementor-container elementor-column-gap-extended\">\n\t\t\t\t\t<div class=\"elementor-column elementor-col-100 elementor-top-column elementor-element elementor-element-b07c31e sc_inner_width_none sc_content_align_inherit sc_layouts_column_icons_position_left sc_fly_static\" data-id=\"b07c31e\" data-element_type=\"column\" data-e-type=\"column\">\n\t\t\t<div class=\"elementor-widget-wrap elementor-element-populated\">\n\t\t\t\t\t\t<div class=\"elementor-element elementor-element-38d4192 sc_fly_static elementor-widget elementor-widget-spacer\" data-id=\"38d4192\" data-element_type=\"widget\" data-e-type=\"widget\" data-widget_type=\"spacer.default\">\n\t\t\t\t<div class=\"elementor-widget-container\">\n\t\t\t\t\t\t\t<div class=\"elementor-spacer\">\n\t\t\t<div class=\"elementor-spacer-inner\"><\/div>\n\t\t<\/div>\n\t\t\t\t\t\t<\/div>\n\t\t\t\t<\/div>\n\t\t\t\t<div class=\"elementor-element elementor-element-9eeb847 sc_fly_static elementor-widget elementor-widget-trx_sc_title\" data-id=\"9eeb847\" data-element_type=\"widget\" data-e-type=\"widget\" data-widget_type=\"trx_sc_title.default\">\n\t\t\t\t<div class=\"elementor-widget-container\">\n\t\t\t\t\t<div\t\tclass=\"sc_title sc_title_shadow\" ><h1 class=\"sc_item_title sc_title_title sc_align_center sc_item_title_style_shadow sc_item_title_tag trx_addons_inline_1677022167\"\n\t\t\t><span class=\"sc_item_title_text\">AVISO DE PRIVACIDAD<\/span><\/h1><\/div>\t\t\t\t<\/div>\n\t\t\t\t<\/div>\n\t\t\t\t\t<\/div>\n\t\t<\/div>\n\t\t\t\t\t<\/div>\n\t\t<\/section>\n\t\t\t\t<section class=\"elementor-section elementor-top-section elementor-element elementor-element-0901b3e elementor-section-boxed elementor-section-height-default elementor-section-height-default wpr-particle-no wpr-jarallax-no wpr-parallax-no wpr-sticky-section-no wpr-equal-height-no sc_fly_static\" data-id=\"0901b3e\" data-element_type=\"section\" data-e-type=\"section\">\n\t\t\t\t\t\t<div class=\"elementor-container elementor-column-gap-extended\">\n\t\t\t\t\t<div class=\"elementor-column elementor-col-100 elementor-top-column elementor-element elementor-element-0063fda sc_inner_width_none sc_content_align_inherit sc_layouts_column_icons_position_left sc_fly_static\" data-id=\"0063fda\" data-element_type=\"column\" data-e-type=\"column\">\n\t\t\t<div class=\"elementor-widget-wrap elementor-element-populated\">\n\t\t\t\t\t\t<div class=\"elementor-element elementor-element-386c2f3 sc_fly_static elementor-widget elementor-widget-spacer\" data-id=\"386c2f3\" data-element_type=\"widget\" data-e-type=\"widget\" data-widget_type=\"spacer.default\">\n\t\t\t\t<div class=\"elementor-widget-container\">\n\t\t\t\t\t\t\t<div class=\"elementor-spacer\">\n\t\t\t<div class=\"elementor-spacer-inner\"><\/div>\n\t\t<\/div>\n\t\t\t\t\t\t<\/div>\n\t\t\t\t<\/div>\n\t\t\t\t<div class=\"elementor-element elementor-element-1f2281d sc_fly_static elementor-widget elementor-widget-text-editor\" data-id=\"1f2281d\" data-element_type=\"widget\" data-e-type=\"widget\" data-widget_type=\"text-editor.default\">\n\t\t\t\t<div class=\"elementor-widget-container\">\n\t\t\t\t\t\t\t\t\t<p>FUNDACI\u00d3N FLEISHMAN, I.A.S., instituci\u00f3n debidamente constituida conforme a la legislaci\u00f3n mexicana, teniendo su domicilio en Av. Hidalgo 2000-A, colonia Smith en Tampico, Tamaulipas (denominada en lo sucesivo la\u00a0<b>\u201cResponsable\u201d<\/b>), con fundamento en los art\u00edculos 15, 16, 17 y dem\u00e1s correlativos y aplicables de la Ley Federal de Protecci\u00f3n de Datos Personales en Posesi\u00f3n de los Particulares y de su Reglamento, pone a su disposici\u00f3n el presente aviso de privacidad, en virtud de los datos personales que se pretenden recabar de Usted como titular de los mismos (en lo sucesivo el\u00a0<b>\u201cTitular\u201d<\/b>).<\/p><p>Para la Responsable, es necesaria la recopilaci\u00f3n de ciertos datos personales, para llevar a cabo las actividades intr\u00ednsecas a su\u00a0<b>objeto social<\/b>.<\/p><p>Todo lo anterior se realiza con el objetivo de que usted tenga pleno conocimiento, control y decisi\u00f3n sobre sus datos personales, por ello recomendamos que lea atentamente la siguiente informaci\u00f3n:<\/p><ol><li><b>Finalidad del tratamiento de los datos personales<\/b><b>.\u00a0<\/b><\/li><\/ol><p>La Responsable, para la consecuci\u00f3n de su objeto social, requerir\u00e1 datos personales que ser\u00e1n tratados estrictamente para alcanzar las siguientes finalidades:<\/p><ul><li aria-level=\"1\"><b>Finalidades necesarias y\/o que dan origen a la relaci\u00f3n jur\u00eddica entre la Responsable y el Titular:<\/b><\/li><\/ul><ul><li aria-level=\"1\">Participaci\u00f3n en los programas que desarrolle la Fundaci\u00f3n<\/li><li aria-level=\"1\">Mantener actualizados nuestros registros a fin de poder responder y dar seguimiento a nuestros proyectos<\/li><li aria-level=\"1\">Mantener la seguridad de nuestras instalaciones e infraestructura a trav\u00e9s de nuestros sistemas de prevenci\u00f3n, detecci\u00f3n y video vigilancia, ya sea para verificar el cumplimiento de nuestras pol\u00edticas internas de la Ley, y asegurar nuestra operaci\u00f3n normal y seguridad, as\u00ed como de las personas que se encuentren dentro de nuestras instalaciones<\/li><li aria-level=\"1\">Dar cumplimiento a las obligaciones contractuales pactadas entre el Titular y la Responsable<\/li><li aria-level=\"1\">La realizaci\u00f3n por parte de la Responsable de actividades propias, relacionadas y derivadas de su objeto social<\/li><li aria-level=\"1\">Cumplir con todas las obligaciones a cargo de la Responsable que le imponga la legislaci\u00f3n vigente<\/li><li aria-level=\"1\">Informar e invitar a la participaci\u00f3n de los eventos y seguimiento de los proyectos a trav\u00e9s de mensajes de texto, correos electr\u00f3nicos o medios digitales de cualquier tipo, ya sea directa o indirectamente, a trav\u00e9s de alg\u00fan proveedor<\/li><\/ul><ul><li aria-level=\"1\"><b>Finalidades que no dan necesariamente origen a la relaci\u00f3n jur\u00eddica entre la Responsable y el Titular:<\/b><\/li><\/ul><ul><li aria-level=\"1\">Ceder o transmitir a un tercero, mediante cualquier forma legal, los derechos y\/u obligaciones derivadas de los contratos antes se\u00f1alados<\/li><li aria-level=\"1\">Modificar, en su caso, los contratos se\u00f1alados<\/li><li aria-level=\"1\">Transferir los datos a sociedades subsidiarias, afiliadas y relacionadas, sus terceros proveedores de servicios y productos, con el prop\u00f3sito de ofrecerle productos y \/o servicios<\/li><li aria-level=\"1\">Elaborar estad\u00edsticas y reportes de los servicios prestados por la Responsable con el objeto de llevar un control interno de dichos servicios, as\u00ed como para dar seguimiento puntual a los mismos<\/li><li aria-level=\"1\">Cualquier finalidad an\u00e1loga o compatible a las anteriores.<\/li><\/ul><p>En caso de que el\u00a0<b>Titular\u00a0<\/b>no desee que sus datos personales se utilicen para estos fines secundarios, podr\u00e1 manifestar su\u00a0<b>no consentimiento<\/b>\u00a0a trav\u00e9s de los medios descritos en el punto III (3) de este aviso.\u00a0<\/p><p>Los datos personales que la Responsable recaba, independientemente del tipo de Titular son, de manera enunciativa y no limitativa, tales como nombre, domicilio, n\u00famero telef\u00f3nico, fecha y lugar de nacimiento, Registro Federal de Contribuyentes, denominaci\u00f3n o raz\u00f3n social, entre otros.\u00a0<\/p><ol><li><b>Opciones y medios que la Responsable ofrece para limitar el uso o divulgaci\u00f3n de datos personales<\/b><b>.\u00a0<\/b><\/li><\/ol><p>Con el objeto de limitar el uso o divulgaci\u00f3n de los datos personales, la Responsable resguarda dichos datos personales bajo programas de c\u00f3mputo con acceso limitado, \u00fanicamente a personas con facultades para ello. Por lo que respecta a documentos f\u00edsicos que contengan datos personales del Titular, la Responsable los resguarda en archivos bajo llave.<\/p><p>De igual modo, la Responsable ha implementado capacitaci\u00f3n, as\u00ed como pol\u00edticas y procedimientos internos aplicables a su personal.<\/p><p><b>III. Medios para ejercer los derechos de acceso, rectificaci\u00f3n, cancelaci\u00f3n u oposici\u00f3n<\/b><b>.<\/b><\/p><p>El Titular de los datos personales podr\u00e1 ejercer sus derechos de acceso, rectificaci\u00f3n, cancelaci\u00f3n u oposici\u00f3n presentando una solicitud por escrito en t\u00e9rminos del art\u00edculo 29 de la\u00a0<b>Ley<\/b>, en el propio domicilio de la Responsable o por medio del correo electr\u00f3nico info@fundacionfleishman.org dirigido al \u00e1rea de Administraci\u00f3n de Datos, el cual deber\u00e1 contener el nombre y domicilio del titular, informaci\u00f3n de contacto, documentos que acrediten su personalidad, una descripci\u00f3n clara y precisa de los derechos que se pretenden ejercer y cualquier otro elemento que facilite la localizaci\u00f3n de los datos.\u00a0<\/p><p>La Responsable, en un plazo m\u00e1ximo de 20 (veinte) d\u00edas, prorrogables en t\u00e9rminos de ley, a partir de haber recibido la solicitud, informar\u00e1 al Titular la determinaci\u00f3n adoptada.\u00a0\u00a0<\/p><p>El Titular entiende, reconoce y acepta que la cancelaci\u00f3n y\/u oposici\u00f3n al uso de sus datos personales genera la imposibilidad de que la Responsable pueda ejercitar la relaci\u00f3n jur\u00eddica que sostendr\u00e1 con el Titular, para el cumplimiento de las obligaciones inherentes a su objeto social, y dem\u00e1s que contraiga con \u00e9ste.<\/p><ol><li><b>Transferencia de datos personales.<\/b><\/li><\/ol><p>La Responsable comunica al Titular y este acepta que podr\u00e1 transferir sus datos personales a terceros nacionales o extranjeros, en los siguientes supuestos: a) Cuando decida ceder a un tercero, mediante cualquier forma legal, los derechos y\/u obligaciones que tenga frente al Titular; b) Cuando requiera de un tercero una prestaci\u00f3n de servicios o asesor\u00eda respecto de los servicios que son ofrecidos; c) Cuando requiera de un tercero una prestaci\u00f3n de servicios o asesor\u00eda jur\u00eddica relacionada con la administraci\u00f3n y cobranza judicial y extrajudicial y el ejercicio de acciones legales; y, d) Cuando, en su caso, los requiera el fabricante, proveedor o distribuidor del bien con el que se relacione.<\/p><ol><li><b>Cambios al aviso de privacidad.<\/b><\/li><\/ol><p>En el supuesto de que la Responsable requiera modificar el contenido del presente aviso de privacidad lo har\u00e1 del conocimiento del Titular a trav\u00e9s de la publicaci\u00f3n del mismo en el domicilio mencionado en el primer p\u00e1rrafo, su portal de internet\u00a0<a href=\"https:\/\/fundacionfleishman.org\/en\/\">www.fundacionfleishman.org<\/a>\u00a0o por correo electr\u00f3nico; aplicando en lo conducente lo establecido en la propia Ley, y en su caso, para la manifestaci\u00f3n de la voluntad del Titular, lo cual aplicar\u00e1 \u00fanicamente para los aspectos del tratamiento de datos personales diversos de los ya consentidos en este aviso de privacidad.<\/p><ol><li><b>Uso de tecnolog\u00edas de rastreo en nuestro portal de internet<\/b><\/li><\/ol><p>Le informamos que en nuestra p\u00e1gina de internet utilizamos cookies, web beacons y otras tecnolog\u00edas, a trav\u00e9s de las cuales es posible monitorear su comportamiento como usuario de internet, as\u00ed como brindarle un mejor servicio y experiencia al navegar en nuestra p\u00e1gina.\u00a0<\/p><p>Los datos personales que recabamos a trav\u00e9s de estas tecnolog\u00edas, ser\u00e1n utilizados para: (a) facilitar la administraci\u00f3n y navegaci\u00f3n de los usuarios de nuestro Sitio web; (b) reconocer a los usuarios y personalizar su visita en los Sitios web; (c) determinar qu\u00e9 correos han sido abiertos por los usuarios; y (d) conocer las p\u00e1ginas que visita el usuario.<\/p><p>Los datos personales obtenidos son: (a) de dispositivos que usted usa; y (b) geolocalizaci\u00f3n (ubicaci\u00f3n). Si no desea compartir esta informaci\u00f3n puede no hacerlo configurando as\u00ed en su dispositivo.<\/p><p>Para conocer la forma en que se pueden deshabilitar estas tecnolog\u00edas, consulte el punto\u00a0<b>III (Tercero<\/b>) del presente Aviso de Privacidad.<\/p><p><b>CONSENTIMIENTO DEL TITULAR<\/b><\/p><p>Con fundamento en el art\u00edculo 8 de la Ley Federal de Datos Personales en Posesi\u00f3n de los Particulares, consiento en entregar a la Responsable, mis datos personales a efecto de que sean tratados conforme a lo consignado en el presente\u00a0 aviso de privacidad que fue puesto a mi disposici\u00f3n.<\/p><p>Asimismo, con fundamento en el segundo p\u00e1rrafo del art\u00edculo 36 del ordenamiento se\u00f1alado, al leer el presente documento acept\u00f3 la transferencia de mis datos personales a los terceros que resulten necesarios conforme el numeral IV del aviso de privacidad.<\/p>\t\t\t\t\t\t\t\t<\/div>\n\t\t\t\t<\/div>\n\t\t\t\t\t<\/div>\n\t\t<\/div>\n\t\t\t\t\t<\/div>\n\t\t<\/section>\n\t\t\t\t<section class=\"elementor-section elementor-top-section elementor-element elementor-element-268923b elementor-section-boxed elementor-section-height-default elementor-section-height-default wpr-particle-no wpr-jarallax-no wpr-parallax-no wpr-sticky-section-no wpr-equal-height-no sc_fly_static\" data-id=\"268923b\" data-element_type=\"section\" data-e-type=\"section\">\n\t\t\t\t\t\t<div class=\"elementor-container elementor-column-gap-extended\">\n\t\t\t\t\t<div class=\"elementor-column elementor-col-100 elementor-top-column elementor-element elementor-element-609781e sc_inner_width_none sc_content_align_inherit sc_layouts_column_icons_position_left sc_fly_static\" data-id=\"609781e\" data-element_type=\"column\" data-e-type=\"column\">\n\t\t\t<div class=\"elementor-widget-wrap elementor-element-populated\">\n\t\t\t\t\t\t<div class=\"elementor-element elementor-element-2db3ff4 sc_fly_static elementor-widget elementor-widget-spacer\" data-id=\"2db3ff4\" data-element_type=\"widget\" data-e-type=\"widget\" data-widget_type=\"spacer.default\">\n\t\t\t\t<div class=\"elementor-widget-container\">\n\t\t\t\t\t\t\t<div class=\"elementor-spacer\">\n\t\t\t<div class=\"elementor-spacer-inner\"><\/div>\n\t\t<\/div>\n\t\t\t\t\t\t<\/div>\n\t\t\t\t<\/div>\n\t\t\t\t\t<\/div>\n\t\t<\/div>\n\t\t\t\t\t<\/div>\n\t\t<\/section>\n\t\t\t\t<\/div>","protected":false},"excerpt":{"rendered":"<p>AVISO DE PRIVACIDAD FUNDACI\u00d3N FLEISHMAN, I.A.S., instituci\u00f3n debidamente constituida conforme a la legislaci\u00f3n mexicana, teniendo su domicilio en Av. Hidalgo 2000-A, colonia Smith en Tampico, Tamaulipas (denominada en lo sucesivo&hellip;<\/p>","protected":false},"author":1,"featured_media":0,"parent":0,"menu_order":0,"comment_status":"closed","ping_status":"closed","template":"","meta":{"footnotes":""},"class_list":["post-12954","page","type-page","status-publish","hentry"],"_links":{"self":[{"href":"https:\/\/fundacionfleishman.org\/en\/wp-json\/wp\/v2\/pages\/12954","targetHints":{"allow":["GET"]}}],"collection":[{"href":"https:\/\/fundacionfleishman.org\/en\/wp-json\/wp\/v2\/pages"}],"about":[{"href":"https:\/\/fundacionfleishman.org\/en\/wp-json\/wp\/v2\/types\/page"}],"author":[{"embeddable":true,"href":"https:\/\/fundacionfleishman.org\/en\/wp-json\/wp\/v2\/users\/1"}],"replies":[{"embeddable":true,"href":"https:\/\/fundacionfleishman.org\/en\/wp-json\/wp\/v2\/comments?post=12954"}],"version-history":[{"count":0,"href":"https:\/\/fundacionfleishman.org\/en\/wp-json\/wp\/v2\/pages\/12954\/revisions"}],"wp:attachment":[{"href":"https:\/\/fundacionfleishman.org\/en\/wp-json\/wp\/v2\/media?parent=12954"}],"curies":[{"name":"wp","href":"https:\/\/api.w.org\/{rel}","templated":true}]}}