{"id":25123,"date":"2024-08-06T04:58:02","date_gmt":"2024-08-06T04:58:02","guid":{"rendered":"https:\/\/fundacionfleishman.org\/?page_id=25123"},"modified":"2024-09-27T16:31:14","modified_gmt":"2024-09-27T16:31:14","slug":"unamos-fuerza","status":"publish","type":"page","link":"https:\/\/fundacionfleishman.org\/en\/unamos-fuerza\/","title":{"rendered":"Unamos Fuerza"},"content":{"rendered":"<div data-elementor-type=\"wp-page\" data-elementor-id=\"25123\" class=\"elementor elementor-25123\">\n\t\t\t\t\t\t<section class=\"elementor-section elementor-top-section elementor-element elementor-element-31c7cf3 elementor-section-full_width sc_extra_bg_large_right elementor-section-height-default elementor-section-height-default wpr-particle-no wpr-jarallax-no wpr-parallax-no wpr-sticky-section-no sc_fly_static\" data-id=\"31c7cf3\" data-element_type=\"section\" data-e-type=\"section\" data-settings=\"{&quot;background_background&quot;:&quot;classic&quot;}\">\n\t\t\t\t\t\t<div class=\"elementor-container elementor-column-gap-extended\">\n\t\t\t\t\t<div class=\"elementor-column elementor-col-50 elementor-top-column elementor-element elementor-element-f1e61db sc_inner_width_none sc_content_align_inherit sc_layouts_column_icons_position_left sc_fly_static\" data-id=\"f1e61db\" data-element_type=\"column\" data-e-type=\"column\" data-settings=\"{&quot;background_background&quot;:&quot;classic&quot;}\">\n\t\t\t<div class=\"elementor-widget-wrap elementor-element-populated\">\n\t\t\t\t\t\t<div class=\"elementor-element elementor-element-e8fdc18 sc_fly_static elementor-widget elementor-widget-image\" data-id=\"e8fdc18\" data-element_type=\"widget\" data-e-type=\"widget\" data-widget_type=\"image.default\">\n\t\t\t\t<div class=\"elementor-widget-container\">\n\t\t\t\t\t\t\t\t\t\t\t\t\t\t\t<img fetchpriority=\"high\" decoding=\"async\" width=\"1024\" height=\"673\" src=\"https:\/\/fundacionfleishman.org\/wp-content\/uploads\/2024\/08\/Unamos-Fuerza-1-scaled-e1727404053731-1024x673.webp\" class=\"attachment-large size-large wp-image-25130\" alt=\"\" srcset=\"https:\/\/fundacionfleishman.org\/wp-content\/uploads\/2024\/08\/Unamos-Fuerza-1-scaled-e1727404053731-1024x673.webp 1024w, https:\/\/fundacionfleishman.org\/wp-content\/uploads\/2024\/08\/Unamos-Fuerza-1-scaled-e1727404053731-300x197.webp 300w, https:\/\/fundacionfleishman.org\/wp-content\/uploads\/2024\/08\/Unamos-Fuerza-1-scaled-e1727404053731-768x505.webp 768w, https:\/\/fundacionfleishman.org\/wp-content\/uploads\/2024\/08\/Unamos-Fuerza-1-scaled-e1727404053731-1536x1010.webp 1536w, https:\/\/fundacionfleishman.org\/wp-content\/uploads\/2024\/08\/Unamos-Fuerza-1-scaled-e1727404053731-2048x1347.webp 2048w, https:\/\/fundacionfleishman.org\/wp-content\/uploads\/2024\/08\/Unamos-Fuerza-1-scaled-e1727404053731-370x243.webp 370w, https:\/\/fundacionfleishman.org\/wp-content\/uploads\/2024\/08\/Unamos-Fuerza-1-scaled-e1727404053731-840x552.webp 840w, https:\/\/fundacionfleishman.org\/wp-content\/uploads\/2024\/08\/Unamos-Fuerza-1-scaled-e1727404053731-410x270.webp 410w, https:\/\/fundacionfleishman.org\/wp-content\/uploads\/2024\/08\/Unamos-Fuerza-1-scaled-e1727404053731-18x12.webp 18w\" sizes=\"(max-width: 1024px) 100vw, 1024px\" \/>\t\t\t\t\t\t\t\t\t\t\t\t\t\t\t<\/div>\n\t\t\t\t<\/div>\n\t\t\t\t\t<\/div>\n\t\t<\/div>\n\t\t\t\t<div class=\"elementor-column elementor-col-50 elementor-top-column elementor-element elementor-element-231eb54 sc_inner_width_none sc_content_align_inherit sc_layouts_column_icons_position_left sc_fly_static\" data-id=\"231eb54\" data-element_type=\"column\" data-e-type=\"column\" data-settings=\"{&quot;background_background&quot;:&quot;classic&quot;}\">\n\t\t\t<div class=\"elementor-widget-wrap elementor-element-populated\">\n\t\t\t\t\t\t<div class=\"elementor-element elementor-element-464692c elementor-widget__width-initial elementor-absolute sc_fly_static elementor-widget elementor-widget-image\" data-id=\"464692c\" data-element_type=\"widget\" data-e-type=\"widget\" data-settings=\"{&quot;_position&quot;:&quot;absolute&quot;}\" data-widget_type=\"image.default\">\n\t\t\t\t<div class=\"elementor-widget-container\">\n\t\t\t\t\t\t\t\t\t\t\t\t\t\t\t<img decoding=\"async\" width=\"360\" height=\"360\" src=\"https:\/\/fundacionfleishman.org\/wp-content\/uploads\/2024\/06\/Recurso-8@1.5x-8.webp\" class=\"attachment-large size-large wp-image-23940\" alt=\"\" srcset=\"https:\/\/fundacionfleishman.org\/wp-content\/uploads\/2024\/06\/Recurso-8@1.5x-8.webp 360w, https:\/\/fundacionfleishman.org\/wp-content\/uploads\/2024\/06\/Recurso-8@1.5x-8-300x300.webp 300w, https:\/\/fundacionfleishman.org\/wp-content\/uploads\/2024\/06\/Recurso-8@1.5x-8-150x150.webp 150w, https:\/\/fundacionfleishman.org\/wp-content\/uploads\/2024\/06\/Recurso-8@1.5x-8-120x120.webp 120w\" sizes=\"(max-width: 600px) 100vw, 360px\" \/>\t\t\t\t\t\t\t\t\t\t\t\t\t\t\t<\/div>\n\t\t\t\t<\/div>\n\t\t\t\t<div class=\"elementor-element elementor-element-d5c0b56 sc_fly_static elementor-widget elementor-widget-heading\" data-id=\"d5c0b56\" data-element_type=\"widget\" data-e-type=\"widget\" data-widget_type=\"heading.default\">\n\t\t\t\t<div class=\"elementor-widget-container\">\n\t\t\t\t\t<h2 class=\"elementor-heading-title elementor-size-default\">#Movimiento <\/br>\nUnamosFueza<\/h2>\t\t\t\t<\/div>\n\t\t\t\t<\/div>\n\t\t\t\t<div class=\"elementor-element elementor-element-ace7b93 sc_fly_static elementor-widget elementor-widget-spacer\" data-id=\"ace7b93\" data-element_type=\"widget\" data-e-type=\"widget\" data-widget_type=\"spacer.default\">\n\t\t\t\t<div class=\"elementor-widget-container\">\n\t\t\t\t\t\t\t<div class=\"elementor-spacer\">\n\t\t\t<div class=\"elementor-spacer-inner\"><\/div>\n\t\t<\/div>\n\t\t\t\t\t\t<\/div>\n\t\t\t\t<\/div>\n\t\t\t\t<div class=\"elementor-element elementor-element-b676c39 elementor-widget__width-initial sc_fly_static elementor-widget elementor-widget-text-editor\" data-id=\"b676c39\" data-element_type=\"widget\" data-e-type=\"widget\" data-widget_type=\"text-editor.default\">\n\t\t\t\t<div class=\"elementor-widget-container\">\n\t\t\t\t\t\t\t\t\t<p>Fundaci\u00f3n Fleishman and GT GLOBAL, in coordination with the Mexican Red Cross, organized a movement to support disaster relief efforts following the 2017 earthquakes in Mexico. This initiative successfully brought together the efforts of citizens, authorities, media, companies, associations, organizations, and educational institutions to primarily deliver food and medicines to the Red Cross in the affected areas.<\/p>\t\t\t\t\t\t\t\t<\/div>\n\t\t\t\t<\/div>\n\t\t\t\t\t<\/div>\n\t\t<\/div>\n\t\t\t\t\t<\/div>\n\t\t<\/section>\n\t\t\t\t<section class=\"elementor-section elementor-top-section elementor-element elementor-element-cda7156 elementor-section-boxed elementor-section-height-default elementor-section-height-default wpr-particle-no wpr-jarallax-no wpr-parallax-no wpr-sticky-section-no sc_fly_static\" data-id=\"cda7156\" data-element_type=\"section\" data-e-type=\"section\">\n\t\t\t\t\t\t<div class=\"elementor-container elementor-column-gap-extended\">\n\t\t\t\t\t<div class=\"elementor-column elementor-col-100 elementor-top-column elementor-element elementor-element-6f19817 sc_inner_width_none sc_content_align_inherit sc_layouts_column_icons_position_left sc_fly_static\" data-id=\"6f19817\" data-element_type=\"column\" data-e-type=\"column\">\n\t\t\t<div class=\"elementor-widget-wrap elementor-element-populated\">\n\t\t\t\t\t\t<div class=\"elementor-element elementor-element-2101b30 sc_fly_static elementor-widget elementor-widget-trx_sc_skills\" data-id=\"2101b30\" data-element_type=\"widget\" data-e-type=\"widget\" data-widget_type=\"trx_sc_skills.default\">\n\t\t\t\t<div class=\"elementor-widget-container\">\n\t\t\t\t\t<div\t\tclass=\"sc_skills sc_skills_counter sc_skills_counter_style_odometer\"\n\t\t\t\tdata-type=\"counter\" ><h2 class=\"sc_item_title sc_skills_title sc_align_center sc_item_title_style_accent sc_item_title_tag trx_addons_inline_757788767\"\n\t\t\t><span class=\"sc_item_title_text\">In the last 5 years we have achieved\u2026<\/span><\/h2><div class=\"sc_skills_columns sc_item_columns trx_addons_columns_wrap columns_padding_bottom columns_in_single_row\"><div class=\"sc_skills_column trx_addons_column-1_3\"><div class=\"sc_skills_item_wrap sc_skills_item_icon_position_left\"><div class=\"sc_skills_item\"><div class=\"sc_skills_icon sc_icon_type_ icon-plus trx_addons_inline_486457705\"><\/div><div class=\"sc_skills_total\" data-start=\"0\" data-stop=\"105\" data-step=\"1.05\" data-max=\"919\" data-speed=\"15\" data-duration=\"1500\" data-ed=\" Ton\" data-style=\"odometer\" style=\"color: var(--e-global-color-7ce28b7)\"><span class=\"sc_skills_digits\"><span class=\"sc_skills_digit\"><span class=\"sc_skills_digit_placeholder\">8<\/span><span class=\"sc_skills_digit_wrap\"><span class=\"sc_skills_digit_ribbon\"><span class=\"sc_skills_digit_value\">0<\/span><\/span><\/span><\/span><span class=\"sc_skills_digit\"><span class=\"sc_skills_digit_placeholder\">8<\/span><span class=\"sc_skills_digit_wrap\"><span class=\"sc_skills_digit_ribbon\"><span class=\"sc_skills_digit_value\">0<\/span><\/span><\/span><\/span><span class=\"sc_skills_digit\"><span class=\"sc_skills_digit_placeholder\">8<\/span><span class=\"sc_skills_digit_wrap\"><span class=\"sc_skills_digit_ribbon\"><span class=\"sc_skills_digit_value\">0<\/span><\/span><\/span><\/span><span class=\"sc_skills_unit\"> Ton<\/span><\/span><\/div><\/div><div class=\"sc_skills_item_title\" style=\"color: var(--e-global-color-7a1ccbe5)\">Tons of supplies<\/div><\/div><\/div><div class=\"sc_skills_column trx_addons_column-1_3\"><div class=\"sc_skills_item_wrap sc_skills_item_icon_position_left\"><div class=\"sc_skills_item\"><div class=\"sc_skills_icon sc_icon_type_ icon-charity trx_addons_inline_1533214471\"><\/div><div class=\"sc_skills_total\" data-start=\"0\" data-stop=\"919\" data-step=\"9.19\" data-max=\"919\" data-speed=\"15\" data-duration=\"1500\" data-ed=\"Kilos\" data-style=\"odometer\" style=\"color: var(--e-global-color-7ce28b7)\"><span class=\"sc_skills_digits\"><span class=\"sc_skills_digit\"><span class=\"sc_skills_digit_placeholder\">8<\/span><span class=\"sc_skills_digit_wrap\"><span class=\"sc_skills_digit_ribbon\"><span class=\"sc_skills_digit_value\">0<\/span><\/span><\/span><\/span><span class=\"sc_skills_digit\"><span class=\"sc_skills_digit_placeholder\">8<\/span><span class=\"sc_skills_digit_wrap\"><span class=\"sc_skills_digit_ribbon\"><span class=\"sc_skills_digit_value\">0<\/span><\/span><\/span><\/span><span class=\"sc_skills_digit\"><span class=\"sc_skills_digit_placeholder\">8<\/span><span class=\"sc_skills_digit_wrap\"><span class=\"sc_skills_digit_ribbon\"><span class=\"sc_skills_digit_value\">0<\/span><\/span><\/span><\/span><span class=\"sc_skills_unit\">Kilos<\/span><\/span><\/div><\/div><div class=\"sc_skills_item_title\" style=\"color: var(--e-global-color-7a1ccbe5)\">of medicine<\/div><\/div><\/div><div class=\"sc_skills_column trx_addons_column-1_3\"><div class=\"sc_skills_item_wrap sc_skills_item_icon_position_left\"><div class=\"sc_skills_item\"><div class=\"sc_skills_icon sc_icon_type_ icon-truck-1 trx_addons_inline_1014071337\"><\/div><div class=\"sc_skills_total\" data-start=\"0\" data-stop=\"840\" data-step=\"8.4\" data-max=\"919\" data-speed=\"15\" data-duration=\"1500\" data-ed=\",211\" data-style=\"odometer\" style=\"color: var(--e-global-color-7ce28b7)\"><span class=\"sc_skills_digits\"><span class=\"sc_skills_digit\"><span class=\"sc_skills_digit_placeholder\">8<\/span><span class=\"sc_skills_digit_wrap\"><span class=\"sc_skills_digit_ribbon\"><span class=\"sc_skills_digit_value\">0<\/span><\/span><\/span><\/span><span class=\"sc_skills_digit\"><span class=\"sc_skills_digit_placeholder\">8<\/span><span class=\"sc_skills_digit_wrap\"><span class=\"sc_skills_digit_ribbon\"><span class=\"sc_skills_digit_value\">0<\/span><\/span><\/span><\/span><span class=\"sc_skills_digit\"><span class=\"sc_skills_digit_placeholder\">8<\/span><span class=\"sc_skills_digit_wrap\"><span class=\"sc_skills_digit_ribbon\"><span class=\"sc_skills_digit_value\">0<\/span><\/span><\/span><\/span><span class=\"sc_skills_unit\">,211<\/span><\/span><\/div><\/div><div class=\"sc_skills_item_title\" style=\"color: var(--e-global-color-7a1ccbe5)\">Mexican pesos donated<\/div><\/div><\/div><\/div><\/div>\t\t\t\t<\/div>\n\t\t\t\t<\/div>\n\t\t\t\t\t<\/div>\n\t\t<\/div>\n\t\t\t\t\t<\/div>\n\t\t<\/section>\n\t\t\t\t<section class=\"elementor-section elementor-top-section elementor-element elementor-element-2bd6f90 sc_extra_bg_large_right elementor-section-boxed elementor-section-height-default elementor-section-height-default wpr-particle-no wpr-jarallax-no wpr-parallax-no wpr-sticky-section-no sc_fly_static\" data-id=\"2bd6f90\" data-element_type=\"section\" data-e-type=\"section\" data-settings=\"{&quot;background_background&quot;:&quot;classic&quot;}\">\n\t\t\t\t\t\t<div class=\"elementor-container elementor-column-gap-extended\">\n\t\t\t\t\t<div class=\"elementor-column elementor-col-50 elementor-top-column elementor-element elementor-element-dc253a3 sc_inner_width_none sc_content_align_inherit sc_layouts_column_icons_position_left sc_fly_static\" data-id=\"dc253a3\" data-element_type=\"column\" data-e-type=\"column\">\n\t\t\t<div class=\"elementor-widget-wrap elementor-element-populated\">\n\t\t\t\t\t\t<div class=\"elementor-element elementor-element-80a72d5 elementor-widget__width-initial sc_fly_static elementor-widget elementor-widget-heading\" data-id=\"80a72d5\" data-element_type=\"widget\" data-e-type=\"widget\" data-widget_type=\"heading.default\">\n\t\t\t\t<div class=\"elementor-widget-container\">\n\t\t\t\t\t<h2 class=\"elementor-heading-title elementor-size-default\">Results<\/h2>\t\t\t\t<\/div>\n\t\t\t\t<\/div>\n\t\t\t\t<div class=\"elementor-element elementor-element-0bcda00 elementor-widget__width-initial sc_fly_static elementor-widget elementor-widget-text-editor\" data-id=\"0bcda00\" data-element_type=\"widget\" data-e-type=\"widget\" data-widget_type=\"text-editor.default\">\n\t\t\t\t<div class=\"elementor-widget-container\">\n\t\t\t\t\t\t\t\t\t<div class=\"flex-shrink-0 flex flex-col relative items-end\"><div class=\"pt-0.5 juice:pt-0\"><div class=\"gizmo-bot-avatar flex h-6 w-6 items-center justify-center overflow-hidden rounded-full juice:h-8 juice:w-8\"><div class=\"relative p-1 rounded-sm flex items-center justify-center bg-token-main-surface-primary text-token-text-primary h-8 w-8\"><p>6 trailers carrying 150 tons of food, hygiene products, baby items, cleaning supplies, bottled water, and pet food were sent to the Mexican Red Cross Collection Centers in Oaxaca, Morelos, Chiapas, and the Distribution Center in Toluca. We also made 5 shipments of medicines, medical supplies, and tools for the Red Cross in Mexico City through Aerom\u00e9xico.<\/p><p>Fundaci\u00f3n Fleishman received donations worth MXN $420,105.50 from the community and, in line with its commitment, doubled the amount, delivering a total of MXN $840,211.00 to the Mexican Red Cross National Headquarters in Mexico City.<\/p><\/div><\/div><\/div><\/div>\t\t\t\t\t\t\t\t<\/div>\n\t\t\t\t<\/div>\n\t\t\t\t\t<\/div>\n\t\t<\/div>\n\t\t\t\t<div class=\"elementor-column elementor-col-50 elementor-top-column elementor-element elementor-element-667b2b0 sc_inner_width_none sc_content_align_inherit sc_layouts_column_icons_position_left sc_fly_static\" data-id=\"667b2b0\" data-element_type=\"column\" data-e-type=\"column\" data-settings=\"{&quot;background_background&quot;:&quot;classic&quot;}\">\n\t\t\t<div class=\"elementor-widget-wrap elementor-element-populated\">\n\t\t\t\t\t\t<div class=\"elementor-element elementor-element-803bd54 elementor-widget__width-initial elementor-absolute sc_fly_static elementor-widget elementor-widget-image\" data-id=\"803bd54\" data-element_type=\"widget\" data-e-type=\"widget\" data-settings=\"{&quot;_position&quot;:&quot;absolute&quot;}\" data-widget_type=\"image.default\">\n\t\t\t\t<div class=\"elementor-widget-container\">\n\t\t\t\t\t\t\t\t\t\t\t\t\t\t\t<img decoding=\"async\" width=\"360\" height=\"360\" src=\"https:\/\/fundacionfleishman.org\/wp-content\/uploads\/2024\/06\/Recurso-8@1.5x-8.webp\" class=\"attachment-large size-large wp-image-23940\" alt=\"\" srcset=\"https:\/\/fundacionfleishman.org\/wp-content\/uploads\/2024\/06\/Recurso-8@1.5x-8.webp 360w, https:\/\/fundacionfleishman.org\/wp-content\/uploads\/2024\/06\/Recurso-8@1.5x-8-300x300.webp 300w, https:\/\/fundacionfleishman.org\/wp-content\/uploads\/2024\/06\/Recurso-8@1.5x-8-150x150.webp 150w, https:\/\/fundacionfleishman.org\/wp-content\/uploads\/2024\/06\/Recurso-8@1.5x-8-120x120.webp 120w\" sizes=\"(max-width: 600px) 100vw, 360px\" \/>\t\t\t\t\t\t\t\t\t\t\t\t\t\t\t<\/div>\n\t\t\t\t<\/div>\n\t\t\t\t<div class=\"elementor-element elementor-element-0753d78 sc_fly_static elementor-widget elementor-widget-spacer\" data-id=\"0753d78\" data-element_type=\"widget\" data-e-type=\"widget\" data-widget_type=\"spacer.default\">\n\t\t\t\t<div class=\"elementor-widget-container\">\n\t\t\t\t\t\t\t<div class=\"elementor-spacer\">\n\t\t\t<div class=\"elementor-spacer-inner\"><\/div>\n\t\t<\/div>\n\t\t\t\t\t\t<\/div>\n\t\t\t\t<\/div>\n\t\t\t\t<div class=\"elementor-element elementor-element-b95c8f8 sc_fly_static elementor-widget elementor-widget-image\" data-id=\"b95c8f8\" data-element_type=\"widget\" data-e-type=\"widget\" data-widget_type=\"image.default\">\n\t\t\t\t<div class=\"elementor-widget-container\">\n\t\t\t\t\t\t\t\t\t\t\t\t\t\t\t<img decoding=\"async\" width=\"1024\" height=\"664\" src=\"https:\/\/fundacionfleishman.org\/wp-content\/uploads\/2024\/09\/Unamos-fuerza-1024x664.webp\" class=\"attachment-large size-large wp-image-25191\" alt=\"\" srcset=\"https:\/\/fundacionfleishman.org\/wp-content\/uploads\/2024\/09\/Unamos-fuerza-1024x664.webp 1024w, https:\/\/fundacionfleishman.org\/wp-content\/uploads\/2024\/09\/Unamos-fuerza-300x195.webp 300w, https:\/\/fundacionfleishman.org\/wp-content\/uploads\/2024\/09\/Unamos-fuerza-768x498.webp 768w, https:\/\/fundacionfleishman.org\/wp-content\/uploads\/2024\/09\/Unamos-fuerza-18x12.webp 18w, https:\/\/fundacionfleishman.org\/wp-content\/uploads\/2024\/09\/Unamos-fuerza-370x240.webp 370w, https:\/\/fundacionfleishman.org\/wp-content\/uploads\/2024\/09\/Unamos-fuerza-840x545.webp 840w, https:\/\/fundacionfleishman.org\/wp-content\/uploads\/2024\/09\/Unamos-fuerza-410x266.webp 410w, https:\/\/fundacionfleishman.org\/wp-content\/uploads\/2024\/09\/Unamos-fuerza.webp 1196w\" sizes=\"(max-width: 1024px) 100vw, 1024px\" \/>\t\t\t\t\t\t\t\t\t\t\t\t\t\t\t<\/div>\n\t\t\t\t<\/div>\n\t\t\t\t<div class=\"elementor-element elementor-element-06514df sc_fly_static elementor-widget elementor-widget-spacer\" data-id=\"06514df\" data-element_type=\"widget\" data-e-type=\"widget\" data-widget_type=\"spacer.default\">\n\t\t\t\t<div class=\"elementor-widget-container\">\n\t\t\t\t\t\t\t<div class=\"elementor-spacer\">\n\t\t\t<div class=\"elementor-spacer-inner\"><\/div>\n\t\t<\/div>\n\t\t\t\t\t\t<\/div>\n\t\t\t\t<\/div>\n\t\t\t\t\t<\/div>\n\t\t<\/div>\n\t\t\t\t\t<\/div>\n\t\t<\/section>\n\t\t\t\t<\/div>","protected":false},"excerpt":{"rendered":"<p>#Movimiento UnamosFueza Fundaci\u00f3n Fleishman y GT GLOBAL organizaron en coordinaci\u00f3n con la Cruz Roja Mexicana, un movimiento para apoyar la situaci\u00f3n de desastre ocasionada por los sismos del 2017 en&hellip;<\/p>","protected":false},"author":3,"featured_media":0,"parent":0,"menu_order":0,"comment_status":"closed","ping_status":"closed","template":"elementor_header_footer","meta":{"footnotes":""},"class_list":["post-25123","page","type-page","status-publish","hentry"],"_links":{"self":[{"href":"https:\/\/fundacionfleishman.org\/en\/wp-json\/wp\/v2\/pages\/25123","targetHints":{"allow":["GET"]}}],"collection":[{"href":"https:\/\/fundacionfleishman.org\/en\/wp-json\/wp\/v2\/pages"}],"about":[{"href":"https:\/\/fundacionfleishman.org\/en\/wp-json\/wp\/v2\/types\/page"}],"author":[{"embeddable":true,"href":"https:\/\/fundacionfleishman.org\/en\/wp-json\/wp\/v2\/users\/3"}],"replies":[{"embeddable":true,"href":"https:\/\/fundacionfleishman.org\/en\/wp-json\/wp\/v2\/comments?post=25123"}],"version-history":[{"count":19,"href":"https:\/\/fundacionfleishman.org\/en\/wp-json\/wp\/v2\/pages\/25123\/revisions"}],"predecessor-version":[{"id":25316,"href":"https:\/\/fundacionfleishman.org\/en\/wp-json\/wp\/v2\/pages\/25123\/revisions\/25316"}],"wp:attachment":[{"href":"https:\/\/fundacionfleishman.org\/en\/wp-json\/wp\/v2\/media?parent=25123"}],"curies":[{"name":"wp","href":"https:\/\/api.w.org\/{rel}","templated":true}]}}