{"id":25298,"date":"2024-09-27T16:19:50","date_gmt":"2024-09-27T16:19:50","guid":{"rendered":"https:\/\/fundacionfleishman.org\/?page_id=25298"},"modified":"2024-09-30T17:48:10","modified_gmt":"2024-09-30T17:48:10","slug":"tunel-memoria-y-tolerancia","status":"publish","type":"page","link":"https:\/\/fundacionfleishman.org\/en\/tunel-memoria-y-tolerancia\/","title":{"rendered":"Memory and Tolerance Tunnel"},"content":{"rendered":"<div data-elementor-type=\"wp-page\" data-elementor-id=\"25298\" class=\"elementor elementor-25298\">\n\t\t\t\t\t\t<section class=\"elementor-section elementor-top-section elementor-element elementor-element-44fe0bdc elementor-section-boxed elementor-section-height-default elementor-section-height-default wpr-particle-no wpr-jarallax-no wpr-parallax-no wpr-sticky-section-no sc_fly_static\" data-id=\"44fe0bdc\" data-element_type=\"section\" data-e-type=\"section\">\n\t\t\t\t\t\t<div class=\"elementor-container elementor-column-gap-extended\">\n\t\t\t\t\t<div class=\"elementor-column elementor-col-50 elementor-top-column elementor-element elementor-element-6af19589 sc_inner_width_none sc_content_align_inherit sc_layouts_column_icons_position_left sc_fly_static\" data-id=\"6af19589\" data-element_type=\"column\" data-e-type=\"column\" data-settings=\"{&quot;background_background&quot;:&quot;classic&quot;}\">\n\t\t\t<div class=\"elementor-widget-wrap elementor-element-populated\">\n\t\t\t\t\t\t<div class=\"elementor-element elementor-element-49d286c9 sc_fly_static elementor-widget elementor-widget-spacer\" data-id=\"49d286c9\" data-element_type=\"widget\" data-e-type=\"widget\" data-widget_type=\"spacer.default\">\n\t\t\t\t<div class=\"elementor-widget-container\">\n\t\t\t\t\t\t\t<div class=\"elementor-spacer\">\n\t\t\t<div class=\"elementor-spacer-inner\"><\/div>\n\t\t<\/div>\n\t\t\t\t\t\t<\/div>\n\t\t\t\t<\/div>\n\t\t\t\t<div class=\"elementor-element elementor-element-1f50e971 sc_fly_static elementor-widget elementor-widget-image\" data-id=\"1f50e971\" data-element_type=\"widget\" data-e-type=\"widget\" data-widget_type=\"image.default\">\n\t\t\t\t<div class=\"elementor-widget-container\">\n\t\t\t\t\t\t\t\t\t\t\t\t\t\t\t<img fetchpriority=\"high\" decoding=\"async\" width=\"1024\" height=\"834\" src=\"https:\/\/fundacionfleishman.org\/wp-content\/uploads\/2024\/09\/Foto-tunel-desde-El-Catrin-1-1-1024x834.webp\" class=\"attachment-large size-large wp-image-25361\" alt=\"\" srcset=\"https:\/\/fundacionfleishman.org\/wp-content\/uploads\/2024\/09\/Foto-tunel-desde-El-Catrin-1-1-1024x834.webp 1024w, https:\/\/fundacionfleishman.org\/wp-content\/uploads\/2024\/09\/Foto-tunel-desde-El-Catrin-1-1-300x244.webp 300w, https:\/\/fundacionfleishman.org\/wp-content\/uploads\/2024\/09\/Foto-tunel-desde-El-Catrin-1-1-768x626.webp 768w, https:\/\/fundacionfleishman.org\/wp-content\/uploads\/2024\/09\/Foto-tunel-desde-El-Catrin-1-1-15x12.webp 15w, https:\/\/fundacionfleishman.org\/wp-content\/uploads\/2024\/09\/Foto-tunel-desde-El-Catrin-1-1-370x301.webp 370w, https:\/\/fundacionfleishman.org\/wp-content\/uploads\/2024\/09\/Foto-tunel-desde-El-Catrin-1-1-840x684.webp 840w, https:\/\/fundacionfleishman.org\/wp-content\/uploads\/2024\/09\/Foto-tunel-desde-El-Catrin-1-1-410x334.webp 410w, https:\/\/fundacionfleishman.org\/wp-content\/uploads\/2024\/09\/Foto-tunel-desde-El-Catrin-1-1.webp 1326w\" sizes=\"(max-width: 1024px) 100vw, 1024px\" \/>\t\t\t\t\t\t\t\t\t\t\t\t\t\t\t<\/div>\n\t\t\t\t<\/div>\n\t\t\t\t<div class=\"elementor-element elementor-element-3e4c9b22 sc_fly_static elementor-widget elementor-widget-spacer\" data-id=\"3e4c9b22\" data-element_type=\"widget\" data-e-type=\"widget\" data-widget_type=\"spacer.default\">\n\t\t\t\t<div class=\"elementor-widget-container\">\n\t\t\t\t\t\t\t<div class=\"elementor-spacer\">\n\t\t\t<div class=\"elementor-spacer-inner\"><\/div>\n\t\t<\/div>\n\t\t\t\t\t\t<\/div>\n\t\t\t\t<\/div>\n\t\t\t\t\t<\/div>\n\t\t<\/div>\n\t\t\t\t<div class=\"elementor-column elementor-col-50 elementor-top-column elementor-element elementor-element-62d81df5 sc_inner_width_none sc_content_align_inherit sc_layouts_column_icons_position_left sc_fly_static\" data-id=\"62d81df5\" data-element_type=\"column\" data-e-type=\"column\">\n\t\t\t<div class=\"elementor-widget-wrap elementor-element-populated\">\n\t\t\t\t\t\t<div class=\"elementor-element elementor-element-6726c8e8 sc_fly_static elementor-widget elementor-widget-trx_sc_title\" data-id=\"6726c8e8\" data-element_type=\"widget\" data-e-type=\"widget\" data-widget_type=\"trx_sc_title.default\">\n\t\t\t\t<div class=\"elementor-widget-container\">\n\t\t\t\t\t<div\t\tclass=\"sc_title sc_title_default\" ><h2 class=\"sc_item_title sc_title_title sc_item_title_style_default trx_addons_inline_1532342893\"\n\t\t\t><span class=\"sc_item_title_text\">Memory and Tolerance Tunnel<\/span><\/h2><\/div>\t\t\t\t<\/div>\n\t\t\t\t<\/div>\n\t\t\t\t<div class=\"elementor-element elementor-element-46e4048d elementor-widget__width-initial sc_fly_static elementor-widget elementor-widget-text-editor\" data-id=\"46e4048d\" data-element_type=\"widget\" data-e-type=\"widget\" data-widget_type=\"text-editor.default\">\n\t\t\t\t<div class=\"elementor-widget-container\">\n\t\t\t\t\t\t\t\t\t<p>Fundaci\u00f3n Fleishman, in partnership with the Museo Memoria y Tolerancia (Memory and Tolerance Museum), inaugurated in the metropolitan area the \"First Audiovisual Memory and Tolerance Tunnel\". This traveling exhibition aims to strengthen a culture of peace, human rights, and inclusion.<\/p><p>The purpose of this artistic exhibition is to reflect through the historical memory of events related to genocide, human rights and culture for peace; showing tolerance as the only way to erradicate indifference and violence in the world.<\/p>\t\t\t\t\t\t\t\t<\/div>\n\t\t\t\t<\/div>\n\t\t\t\t<div class=\"elementor-element elementor-element-3c794dbf sc_fly_static elementor-widget elementor-widget-trx_sc_button\" data-id=\"3c794dbf\" data-element_type=\"widget\" data-e-type=\"widget\" data-widget_type=\"trx_sc_button.default\">\n\t\t\t\t<div class=\"elementor-widget-container\">\n\t\t\t\t\t<div\tclass=\"sc_item_button sc_button_wrap\" ><a href=\"https:\/\/youtu.be\/LhStAYKOnig?feature=shared\" class=\"sc_button sc_button_simple sc_button_size_normal sc_button_icon_left\" ><span class=\"sc_button_text\"><span class=\"sc_button_title\">Learn more<\/span><\/span><\/a><\/div>\t\t\t\t<\/div>\n\t\t\t\t<\/div>\n\t\t\t\t\t<\/div>\n\t\t<\/div>\n\t\t\t\t\t<\/div>\n\t\t<\/section>\n\t\t\t\t<section class=\"elementor-section elementor-top-section elementor-element elementor-element-1f019843 elementor-section-boxed elementor-section-height-default elementor-section-height-default wpr-particle-no wpr-jarallax-no wpr-parallax-no wpr-sticky-section-no sc_fly_static\" data-id=\"1f019843\" data-element_type=\"section\" data-e-type=\"section\" data-settings=\"{&quot;background_background&quot;:&quot;classic&quot;}\">\n\t\t\t\t\t\t<div class=\"elementor-container elementor-column-gap-extended\">\n\t\t\t\t\t<div class=\"elementor-column elementor-col-25 elementor-top-column elementor-element elementor-element-717f9c86 sc_inner_width_none sc_content_align_inherit sc_layouts_column_icons_position_left sc_fly_static\" data-id=\"717f9c86\" data-element_type=\"column\" data-e-type=\"column\">\n\t\t\t<div class=\"elementor-widget-wrap elementor-element-populated\">\n\t\t\t\t\t\t<div class=\"elementor-element elementor-element-4ed77b5e elementor-widget__width-initial elementor-view-default elementor-position-block-start elementor-mobile-position-block-start sc_fly_static elementor-widget elementor-widget-icon-box\" data-id=\"4ed77b5e\" data-element_type=\"widget\" data-e-type=\"widget\" data-widget_type=\"icon-box.default\">\n\t\t\t\t<div class=\"elementor-widget-container\">\n\t\t\t\t\t\t\t<div class=\"elementor-icon-box-wrapper\">\n\n\t\t\t\t\t\t<div class=\"elementor-icon-box-icon\">\n\t\t\t\t<span  class=\"elementor-icon\">\n\t\t\t\t<i aria-hidden=\"true\" class=\"fas fa-archway\"><\/i>\t\t\t\t<\/span>\n\t\t\t<\/div>\n\t\t\t\n\t\t\t\t\t\t<div class=\"elementor-icon-box-content\">\n\n\t\t\t\t\t\t\t\t\t<h3 class=\"elementor-icon-box-title\">\n\t\t\t\t\t\t<span  >\n\t\t\t\t\t\t\tT\u00fanel Memoria y Tolerancia, Jard\u00edn de las Artes.\t\t\t\t\t\t<\/span>\n\t\t\t\t\t<\/h3>\n\t\t\t\t\n\t\t\t\t\t\t\t\t\t<p class=\"elementor-icon-box-description\">\n\t\t\t\t\t\tFirst scheduling\t\t\t\t\t<\/p>\n\t\t\t\t\n\t\t\t<\/div>\n\t\t\t\n\t\t<\/div>\n\t\t\t\t\t\t<\/div>\n\t\t\t\t<\/div>\n\t\t\t\t\t<\/div>\n\t\t<\/div>\n\t\t\t\t<div class=\"elementor-column elementor-col-25 elementor-top-column elementor-element elementor-element-17cf7ce8 sc_inner_width_none sc_content_align_inherit sc_layouts_column_icons_position_left sc_fly_static\" data-id=\"17cf7ce8\" data-element_type=\"column\" data-e-type=\"column\">\n\t\t\t<div class=\"elementor-widget-wrap elementor-element-populated\">\n\t\t\t\t\t\t<div class=\"elementor-element elementor-element-40c30dcc elementor-widget__width-initial elementor-view-default elementor-position-block-start elementor-mobile-position-block-start sc_fly_static elementor-widget elementor-widget-icon-box\" data-id=\"40c30dcc\" data-element_type=\"widget\" data-e-type=\"widget\" data-widget_type=\"icon-box.default\">\n\t\t\t\t<div class=\"elementor-widget-container\">\n\t\t\t\t\t\t\t<div class=\"elementor-icon-box-wrapper\">\n\n\t\t\t\t\t\t<div class=\"elementor-icon-box-icon\">\n\t\t\t\t<span  class=\"elementor-icon\">\n\t\t\t\t<i aria-hidden=\"true\" class=\"fas fa-street-view\"><\/i>\t\t\t\t<\/span>\n\t\t\t<\/div>\n\t\t\t\n\t\t\t\t\t\t<div class=\"elementor-icon-box-content\">\n\n\t\t\t\t\t\t\t\t\t<h3 class=\"elementor-icon-box-title\">\n\t\t\t\t\t\t<span  >\n\t\t\t\t\t\t\tT\u00fanel Memoria y Tolerancia, Plaza de la Libertad. \t\t\t\t\t\t<\/span>\n\t\t\t\t\t<\/h3>\n\t\t\t\t\n\t\t\t\t\t\t\t\t\t<p class=\"elementor-icon-box-description\">\n\t\t\t\t\t\tSecond scheduling\t\t\t\t\t<\/p>\n\t\t\t\t\n\t\t\t<\/div>\n\t\t\t\n\t\t<\/div>\n\t\t\t\t\t\t<\/div>\n\t\t\t\t<\/div>\n\t\t\t\t\t<\/div>\n\t\t<\/div>\n\t\t\t\t<div class=\"elementor-column elementor-col-25 elementor-top-column elementor-element elementor-element-3a67b660 sc_inner_width_none sc_content_align_inherit sc_layouts_column_icons_position_left sc_fly_static\" data-id=\"3a67b660\" data-element_type=\"column\" data-e-type=\"column\">\n\t\t\t<div class=\"elementor-widget-wrap elementor-element-populated\">\n\t\t\t\t\t\t<div class=\"elementor-element elementor-element-6b7b9aab elementor-widget__width-initial elementor-view-default elementor-position-block-start elementor-mobile-position-block-start sc_fly_static elementor-widget elementor-widget-icon-box\" data-id=\"6b7b9aab\" data-element_type=\"widget\" data-e-type=\"widget\" data-widget_type=\"icon-box.default\">\n\t\t\t\t<div class=\"elementor-widget-container\">\n\t\t\t\t\t\t\t<div class=\"elementor-icon-box-wrapper\">\n\n\t\t\t\t\t\t<div class=\"elementor-icon-box-icon\">\n\t\t\t\t<span  class=\"elementor-icon\">\n\t\t\t\t<i aria-hidden=\"true\" class=\"fas fa-school\"><\/i>\t\t\t\t<\/span>\n\t\t\t<\/div>\n\t\t\t\n\t\t\t\t\t\t<div class=\"elementor-icon-box-content\">\n\n\t\t\t\t\t\t\t\t\t<h3 class=\"elementor-icon-box-title\">\n\t\t\t\t\t\t<span  >\n\t\t\t\t\t\t\tT\u00fanel Memoria y Tolerancia, ICEST Campus Tampico 2000 \t\t\t\t\t\t<\/span>\n\t\t\t\t\t<\/h3>\n\t\t\t\t\n\t\t\t\t\t\t\t\t\t<p class=\"elementor-icon-box-description\">\n\t\t\t\t\t\tThird scheduling\t\t\t\t\t<\/p>\n\t\t\t\t\n\t\t\t<\/div>\n\t\t\t\n\t\t<\/div>\n\t\t\t\t\t\t<\/div>\n\t\t\t\t<\/div>\n\t\t\t\t\t<\/div>\n\t\t<\/div>\n\t\t\t\t<div class=\"elementor-column elementor-col-25 elementor-top-column elementor-element elementor-element-b33f098 sc_inner_width_none sc_content_align_inherit sc_layouts_column_icons_position_left sc_fly_static\" data-id=\"b33f098\" data-element_type=\"column\" data-e-type=\"column\">\n\t\t\t<div class=\"elementor-widget-wrap elementor-element-populated\">\n\t\t\t\t\t\t<div class=\"elementor-element elementor-element-02310da elementor-widget__width-initial elementor-view-default elementor-position-block-start elementor-mobile-position-block-start sc_fly_static elementor-widget elementor-widget-icon-box\" data-id=\"02310da\" data-element_type=\"widget\" data-e-type=\"widget\" data-widget_type=\"icon-box.default\">\n\t\t\t\t<div class=\"elementor-widget-container\">\n\t\t\t\t\t\t\t<div class=\"elementor-icon-box-wrapper\">\n\n\t\t\t\t\t\t<div class=\"elementor-icon-box-icon\">\n\t\t\t\t<span  class=\"elementor-icon\">\n\t\t\t\t<i aria-hidden=\"true\" class=\"fas fa-school\"><\/i>\t\t\t\t<\/span>\n\t\t\t<\/div>\n\t\t\t\n\t\t\t\t\t\t<div class=\"elementor-icon-box-content\">\n\n\t\t\t\t\t\t\t\t\t<h3 class=\"elementor-icon-box-title\">\n\t\t\t\t\t\t<span  >\n\t\t\t\t\t\t\tT\u00fanel Memoria y Tolerancia, Universidad del Noreste\t\t\t\t\t\t<\/span>\n\t\t\t\t\t<\/h3>\n\t\t\t\t\n\t\t\t\t\t\t\t\t\t<p class=\"elementor-icon-box-description\">\n\t\t\t\t\t\tFourth scheduling\t\t\t\t\t<\/p>\n\t\t\t\t\n\t\t\t<\/div>\n\t\t\t\n\t\t<\/div>\n\t\t\t\t\t\t<\/div>\n\t\t\t\t<\/div>\n\t\t\t\t\t<\/div>\n\t\t<\/div>\n\t\t\t\t\t<\/div>\n\t\t<\/section>\n\t\t\t\t<section class=\"elementor-section elementor-top-section elementor-element elementor-element-709fe901 elementor-section-full_width elementor-section-stretched sc_bg_mask_1 elementor-section-height-default elementor-section-height-default wpr-particle-no wpr-jarallax-no wpr-parallax-no wpr-sticky-section-no sc_fly_static\" data-id=\"709fe901\" data-element_type=\"section\" data-e-type=\"section\" data-settings=\"{&quot;background_background&quot;:&quot;classic&quot;,&quot;stretch_section&quot;:&quot;section-stretched&quot;}\">\n\t\t\t\t\t\t<div class=\"elementor-container elementor-column-gap-extended\">\n\t\t\t\t\t<div class=\"elementor-column elementor-col-100 elementor-top-column elementor-element elementor-element-54dd01f2 sc_inner_width_none sc_content_align_inherit sc_layouts_column_icons_position_left sc_fly_static\" data-id=\"54dd01f2\" data-element_type=\"column\" data-e-type=\"column\">\n\t\t\t<div class=\"elementor-widget-wrap elementor-element-populated\">\n\t\t\t\t\t\t<div class=\"elementor-element elementor-element-6bff5bde sc_fly_static elementor-widget elementor-widget-spacer\" data-id=\"6bff5bde\" data-element_type=\"widget\" data-e-type=\"widget\" data-widget_type=\"spacer.default\">\n\t\t\t\t<div class=\"elementor-widget-container\">\n\t\t\t\t\t\t\t<div class=\"elementor-spacer\">\n\t\t\t<div class=\"elementor-spacer-inner\"><\/div>\n\t\t<\/div>\n\t\t\t\t\t\t<\/div>\n\t\t\t\t<\/div>\n\t\t\t\t<div class=\"elementor-element elementor-element-5c71439c sc_fly_static elementor-widget elementor-widget-image-gallery\" data-id=\"5c71439c\" data-element_type=\"widget\" data-e-type=\"widget\" data-widget_type=\"image-gallery.default\">\n\t\t\t\t<div class=\"elementor-widget-container\">\n\t\t\t\t\t\t\t<div class=\"elementor-image-gallery\">\n\t\t\t<div id='gallery-1' class='gallery galleryid-25298 gallery-columns-4 gallery-size-thumbnail'><figure class='gallery-item'>\n\t\t\t<div class='gallery-icon landscape'>\n\t\t\t\t<a data-elementor-open-lightbox=\"yes\" data-elementor-lightbox-slideshow=\"5c71439c\" data-elementor-lightbox-title=\"Foto M&amp;T Revista Chic\" data-e-action-hash=\"#elementor-action%3Aaction%3Dlightbox%26settings%3DeyJpZCI6MjUzMDMsInVybCI6Imh0dHBzOlwvXC9mdW5kYWNpb25mbGVpc2htYW4ub3JnXC93cC1jb250ZW50XC91cGxvYWRzXC8yMDI0XC8wOVwvRm90by1NVC1SZXZpc3RhLUNoaWMtc2NhbGVkLndlYnAiLCJzbGlkZXNob3ciOiI1YzcxNDM5YyJ9\" href='https:\/\/fundacionfleishman.org\/wp-content\/uploads\/2024\/09\/Foto-MT-Revista-Chic-scaled.webp'><img decoding=\"async\" width=\"150\" height=\"150\" src=\"https:\/\/fundacionfleishman.org\/wp-content\/uploads\/2024\/09\/Foto-MT-Revista-Chic-150x150.webp\" class=\"attachment-thumbnail size-thumbnail\" alt=\"\" srcset=\"https:\/\/fundacionfleishman.org\/wp-content\/uploads\/2024\/09\/Foto-MT-Revista-Chic-150x150.webp 150w, https:\/\/fundacionfleishman.org\/wp-content\/uploads\/2024\/09\/Foto-MT-Revista-Chic-120x120.webp 120w, https:\/\/fundacionfleishman.org\/wp-content\/uploads\/2024\/09\/Foto-MT-Revista-Chic-370x370.webp 370w\" sizes=\"(max-width: 150px) 100vw, 150px\" \/><\/a>\n\t\t\t<\/div><\/figure><figure class='gallery-item'>\n\t\t\t<div class='gallery-icon landscape'>\n\t\t\t\t<a data-elementor-open-lightbox=\"yes\" data-elementor-lightbox-slideshow=\"5c71439c\" data-elementor-lightbox-title=\"Editadas-5340-scaled.webp\" data-e-action-hash=\"#elementor-action%3Aaction%3Dlightbox%26settings%3DeyJpZCI6MjUyODUsInVybCI6Imh0dHBzOlwvXC9mdW5kYWNpb25mbGVpc2htYW4ub3JnXC93cC1jb250ZW50XC91cGxvYWRzXC8yMDI0XC8wOVwvRWRpdGFkYXMtNTM0MC1zY2FsZWQtMS53ZWJwIiwic2xpZGVzaG93IjoiNWM3MTQzOWMifQ%3D%3D\" href='https:\/\/fundacionfleishman.org\/wp-content\/uploads\/2024\/09\/Editadas-5340-scaled-1.webp'><img decoding=\"async\" width=\"150\" height=\"150\" src=\"https:\/\/fundacionfleishman.org\/wp-content\/uploads\/2024\/09\/Editadas-5340-scaled-1-150x150.webp\" class=\"attachment-thumbnail size-thumbnail\" alt=\"\" srcset=\"https:\/\/fundacionfleishman.org\/wp-content\/uploads\/2024\/09\/Editadas-5340-scaled-1-150x150.webp 150w, https:\/\/fundacionfleishman.org\/wp-content\/uploads\/2024\/09\/Editadas-5340-scaled-1-120x120.webp 120w, https:\/\/fundacionfleishman.org\/wp-content\/uploads\/2024\/09\/Editadas-5340-scaled-1-370x370.webp 370w\" sizes=\"(max-width: 150px) 100vw, 150px\" \/><\/a>\n\t\t\t<\/div><\/figure><figure class='gallery-item'>\n\t\t\t<div class='gallery-icon landscape'>\n\t\t\t\t<a data-elementor-open-lightbox=\"yes\" data-elementor-lightbox-slideshow=\"5c71439c\" data-elementor-lightbox-title=\"IMG_5441-scaled.webp\" data-e-action-hash=\"#elementor-action%3Aaction%3Dlightbox%26settings%3DeyJpZCI6MjUyODYsInVybCI6Imh0dHBzOlwvXC9mdW5kYWNpb25mbGVpc2htYW4ub3JnXC93cC1jb250ZW50XC91cGxvYWRzXC8yMDI0XC8wOVwvSU1HXzU0NDEtc2NhbGVkLTEud2VicCIsInNsaWRlc2hvdyI6IjVjNzE0MzljIn0%3D\" href='https:\/\/fundacionfleishman.org\/wp-content\/uploads\/2024\/09\/IMG_5441-scaled-1.webp'><img loading=\"lazy\" decoding=\"async\" width=\"150\" height=\"150\" src=\"https:\/\/fundacionfleishman.org\/wp-content\/uploads\/2024\/09\/IMG_5441-scaled-1-150x150.webp\" class=\"attachment-thumbnail size-thumbnail\" alt=\"\" srcset=\"https:\/\/fundacionfleishman.org\/wp-content\/uploads\/2024\/09\/IMG_5441-scaled-1-150x150.webp 150w, https:\/\/fundacionfleishman.org\/wp-content\/uploads\/2024\/09\/IMG_5441-scaled-1-120x120.webp 120w, https:\/\/fundacionfleishman.org\/wp-content\/uploads\/2024\/09\/IMG_5441-scaled-1-370x370.webp 370w\" sizes=\"(max-width: 150px) 100vw, 150px\" \/><\/a>\n\t\t\t<\/div><\/figure><figure class='gallery-item'>\n\t\t\t<div class='gallery-icon landscape'>\n\t\t\t\t<a data-elementor-open-lightbox=\"yes\" data-elementor-lightbox-slideshow=\"5c71439c\" data-elementor-lightbox-title=\"Escultura-50-anos-3-scaled.webp\" data-e-action-hash=\"#elementor-action%3Aaction%3Dlightbox%26settings%3DeyJpZCI6MjUyODcsInVybCI6Imh0dHBzOlwvXC9mdW5kYWNpb25mbGVpc2htYW4ub3JnXC93cC1jb250ZW50XC91cGxvYWRzXC8yMDI0XC8wOVwvRXNjdWx0dXJhLTUwLWFub3MtMy1zY2FsZWQtMS53ZWJwIiwic2xpZGVzaG93IjoiNWM3MTQzOWMifQ%3D%3D\" href='https:\/\/fundacionfleishman.org\/wp-content\/uploads\/2024\/09\/Escultura-50-anos-3-scaled-1.webp'><img loading=\"lazy\" decoding=\"async\" width=\"150\" height=\"150\" src=\"https:\/\/fundacionfleishman.org\/wp-content\/uploads\/2024\/09\/Escultura-50-anos-3-scaled-1-150x150.webp\" class=\"attachment-thumbnail size-thumbnail\" alt=\"\" srcset=\"https:\/\/fundacionfleishman.org\/wp-content\/uploads\/2024\/09\/Escultura-50-anos-3-scaled-1-150x150.webp 150w, https:\/\/fundacionfleishman.org\/wp-content\/uploads\/2024\/09\/Escultura-50-anos-3-scaled-1-120x120.webp 120w, https:\/\/fundacionfleishman.org\/wp-content\/uploads\/2024\/09\/Escultura-50-anos-3-scaled-1-370x370.webp 370w\" sizes=\"(max-width: 150px) 100vw, 150px\" \/><\/a>\n\t\t\t<\/div><\/figure><figure class='gallery-item'>\n\t\t\t<div class='gallery-icon landscape'>\n\t\t\t\t<a data-elementor-open-lightbox=\"yes\" data-elementor-lightbox-slideshow=\"5c71439c\" data-elementor-lightbox-title=\"Tunel-Editadas.webp\" data-e-action-hash=\"#elementor-action%3Aaction%3Dlightbox%26settings%3DeyJpZCI6MjUyODgsInVybCI6Imh0dHBzOlwvXC9mdW5kYWNpb25mbGVpc2htYW4ub3JnXC93cC1jb250ZW50XC91cGxvYWRzXC8yMDI0XC8wOVwvVHVuZWwtRWRpdGFkYXMud2VicCIsInNsaWRlc2hvdyI6IjVjNzE0MzljIn0%3D\" href='https:\/\/fundacionfleishman.org\/wp-content\/uploads\/2024\/09\/Tunel-Editadas.webp'><img loading=\"lazy\" decoding=\"async\" width=\"150\" height=\"150\" src=\"https:\/\/fundacionfleishman.org\/wp-content\/uploads\/2024\/09\/Tunel-Editadas-150x150.webp\" class=\"attachment-thumbnail size-thumbnail\" alt=\"\" srcset=\"https:\/\/fundacionfleishman.org\/wp-content\/uploads\/2024\/09\/Tunel-Editadas-150x150.webp 150w, https:\/\/fundacionfleishman.org\/wp-content\/uploads\/2024\/09\/Tunel-Editadas-120x120.webp 120w, https:\/\/fundacionfleishman.org\/wp-content\/uploads\/2024\/09\/Tunel-Editadas-370x370.webp 370w\" sizes=\"(max-width: 150px) 100vw, 150px\" \/><\/a>\n\t\t\t<\/div><\/figure><figure class='gallery-item'>\n\t\t\t<div class='gallery-icon landscape'>\n\t\t\t\t<a data-elementor-open-lightbox=\"yes\" data-elementor-lightbox-slideshow=\"5c71439c\" data-elementor-lightbox-title=\"Escultura-50-anos-2-scaled.webp\" data-e-action-hash=\"#elementor-action%3Aaction%3Dlightbox%26settings%3DeyJpZCI6MjUyODksInVybCI6Imh0dHBzOlwvXC9mdW5kYWNpb25mbGVpc2htYW4ub3JnXC93cC1jb250ZW50XC91cGxvYWRzXC8yMDI0XC8wOVwvRXNjdWx0dXJhLTUwLWFub3MtMi1zY2FsZWQtMS53ZWJwIiwic2xpZGVzaG93IjoiNWM3MTQzOWMifQ%3D%3D\" href='https:\/\/fundacionfleishman.org\/wp-content\/uploads\/2024\/09\/Escultura-50-anos-2-scaled-1.webp'><img loading=\"lazy\" decoding=\"async\" width=\"150\" height=\"150\" src=\"https:\/\/fundacionfleishman.org\/wp-content\/uploads\/2024\/09\/Escultura-50-anos-2-scaled-1-150x150.webp\" class=\"attachment-thumbnail size-thumbnail\" alt=\"\" srcset=\"https:\/\/fundacionfleishman.org\/wp-content\/uploads\/2024\/09\/Escultura-50-anos-2-scaled-1-150x150.webp 150w, https:\/\/fundacionfleishman.org\/wp-content\/uploads\/2024\/09\/Escultura-50-anos-2-scaled-1-120x120.webp 120w, https:\/\/fundacionfleishman.org\/wp-content\/uploads\/2024\/09\/Escultura-50-anos-2-scaled-1-370x370.webp 370w\" sizes=\"(max-width: 150px) 100vw, 150px\" \/><\/a>\n\t\t\t<\/div><\/figure><figure class='gallery-item'>\n\t\t\t<div class='gallery-icon landscape'>\n\t\t\t\t<a data-elementor-open-lightbox=\"yes\" data-elementor-lightbox-slideshow=\"5c71439c\" data-elementor-lightbox-title=\"Escultura-50-anos-scaled.webp\" data-e-action-hash=\"#elementor-action%3Aaction%3Dlightbox%26settings%3DeyJpZCI6MjUyOTAsInVybCI6Imh0dHBzOlwvXC9mdW5kYWNpb25mbGVpc2htYW4ub3JnXC93cC1jb250ZW50XC91cGxvYWRzXC8yMDI0XC8wOVwvRXNjdWx0dXJhLTUwLWFub3Mtc2NhbGVkLTEud2VicCIsInNsaWRlc2hvdyI6IjVjNzE0MzljIn0%3D\" href='https:\/\/fundacionfleishman.org\/wp-content\/uploads\/2024\/09\/Escultura-50-anos-scaled-1.webp'><img loading=\"lazy\" decoding=\"async\" width=\"150\" height=\"150\" src=\"https:\/\/fundacionfleishman.org\/wp-content\/uploads\/2024\/09\/Escultura-50-anos-scaled-1-150x150.webp\" class=\"attachment-thumbnail size-thumbnail\" alt=\"\" srcset=\"https:\/\/fundacionfleishman.org\/wp-content\/uploads\/2024\/09\/Escultura-50-anos-scaled-1-150x150.webp 150w, https:\/\/fundacionfleishman.org\/wp-content\/uploads\/2024\/09\/Escultura-50-anos-scaled-1-120x120.webp 120w, https:\/\/fundacionfleishman.org\/wp-content\/uploads\/2024\/09\/Escultura-50-anos-scaled-1-370x370.webp 370w\" sizes=\"(max-width: 150px) 100vw, 150px\" \/><\/a>\n\t\t\t<\/div><\/figure><figure class='gallery-item'>\n\t\t\t<div class='gallery-icon landscape'>\n\t\t\t\t<a data-elementor-open-lightbox=\"yes\" data-elementor-lightbox-slideshow=\"5c71439c\" data-elementor-lightbox-title=\"Foto M&amp;T Revista Chic Tampico (1)\" data-e-action-hash=\"#elementor-action%3Aaction%3Dlightbox%26settings%3DeyJpZCI6MjUzMDQsInVybCI6Imh0dHBzOlwvXC9mdW5kYWNpb25mbGVpc2htYW4ub3JnXC93cC1jb250ZW50XC91cGxvYWRzXC8yMDI0XC8wOVwvRm90by1NVC1SZXZpc3RhLUNoaWMtVGFtcGljby0xLXNjYWxlZC53ZWJwIiwic2xpZGVzaG93IjoiNWM3MTQzOWMifQ%3D%3D\" href='https:\/\/fundacionfleishman.org\/wp-content\/uploads\/2024\/09\/Foto-MT-Revista-Chic-Tampico-1-scaled.webp'><img loading=\"lazy\" decoding=\"async\" width=\"150\" height=\"150\" src=\"https:\/\/fundacionfleishman.org\/wp-content\/uploads\/2024\/09\/Foto-MT-Revista-Chic-Tampico-1-150x150.webp\" class=\"attachment-thumbnail size-thumbnail\" alt=\"\" srcset=\"https:\/\/fundacionfleishman.org\/wp-content\/uploads\/2024\/09\/Foto-MT-Revista-Chic-Tampico-1-150x150.webp 150w, https:\/\/fundacionfleishman.org\/wp-content\/uploads\/2024\/09\/Foto-MT-Revista-Chic-Tampico-1-120x120.webp 120w, https:\/\/fundacionfleishman.org\/wp-content\/uploads\/2024\/09\/Foto-MT-Revista-Chic-Tampico-1-370x370.webp 370w\" sizes=\"(max-width: 150px) 100vw, 150px\" \/><\/a>\n\t\t\t<\/div><\/figure>\n\t\t<\/div>\n\t\t<\/div>\n\t\t\t\t\t\t<\/div>\n\t\t\t\t<\/div>\n\t\t\t\t\t<\/div>\n\t\t<\/div>\n\t\t\t\t\t<\/div>\n\t\t<\/section>\n\t\t\t\t<\/div>","protected":false},"excerpt":{"rendered":"<p>T\u00fanel Memoria y Tolerancia Fundaci\u00f3n Fleishman en alianza con el Museo Memoria y Tolerancia inauguraron en la zona conurbada el &#8216;Primer T\u00fanel Audiovisual Memoria y Tolerancia&#8217;, cuya exposici\u00f3n itinerante tiene&hellip;<\/p>","protected":false},"author":3,"featured_media":0,"parent":0,"menu_order":0,"comment_status":"closed","ping_status":"closed","template":"","meta":{"footnotes":""},"class_list":["post-25298","page","type-page","status-publish","hentry"],"_links":{"self":[{"href":"https:\/\/fundacionfleishman.org\/en\/wp-json\/wp\/v2\/pages\/25298","targetHints":{"allow":["GET"]}}],"collection":[{"href":"https:\/\/fundacionfleishman.org\/en\/wp-json\/wp\/v2\/pages"}],"about":[{"href":"https:\/\/fundacionfleishman.org\/en\/wp-json\/wp\/v2\/types\/page"}],"author":[{"embeddable":true,"href":"https:\/\/fundacionfleishman.org\/en\/wp-json\/wp\/v2\/users\/3"}],"replies":[{"embeddable":true,"href":"https:\/\/fundacionfleishman.org\/en\/wp-json\/wp\/v2\/comments?post=25298"}],"version-history":[{"count":16,"href":"https:\/\/fundacionfleishman.org\/en\/wp-json\/wp\/v2\/pages\/25298\/revisions"}],"predecessor-version":[{"id":25364,"href":"https:\/\/fundacionfleishman.org\/en\/wp-json\/wp\/v2\/pages\/25298\/revisions\/25364"}],"wp:attachment":[{"href":"https:\/\/fundacionfleishman.org\/en\/wp-json\/wp\/v2\/media?parent=25298"}],"curies":[{"name":"wp","href":"https:\/\/api.w.org\/{rel}","templated":true}]}}