{"id":25691,"date":"2025-10-14T23:22:29","date_gmt":"2025-10-14T23:22:29","guid":{"rendered":"https:\/\/fundacionfleishman.org\/?page_id=25691"},"modified":"2025-11-20T17:15:37","modified_gmt":"2025-11-20T17:15:37","slug":"ana-frank","status":"publish","type":"page","link":"https:\/\/fundacionfleishman.org\/en\/ana-frank\/","title":{"rendered":"Ana Frank"},"content":{"rendered":"<div data-elementor-type=\"wp-page\" data-elementor-id=\"25691\" class=\"elementor elementor-25691\">\n\t\t\t\t\t\t<section class=\"elementor-section elementor-top-section elementor-element elementor-element-6c271ec elementor-section-content-middle elementor-section-boxed elementor-section-height-default elementor-section-height-default wpr-particle-no wpr-jarallax-no wpr-parallax-no wpr-sticky-section-no sc_fly_static\" data-id=\"6c271ec\" data-element_type=\"section\" data-e-type=\"section\" data-settings=\"{&quot;background_background&quot;:&quot;classic&quot;}\">\n\t\t\t\t\t\t<div class=\"elementor-container elementor-column-gap-extended\">\n\t\t\t\t\t<div class=\"elementor-column elementor-col-100 elementor-top-column elementor-element elementor-element-6207c29 sc_inner_width_none sc_content_align_inherit sc_layouts_column_icons_position_left sc_fly_static\" data-id=\"6207c29\" data-element_type=\"column\" data-e-type=\"column\">\n\t\t\t<div class=\"elementor-widget-wrap elementor-element-populated\">\n\t\t\t\t\t\t<div class=\"elementor-element elementor-element-4b2af46 sc_fly_static elementor-widget elementor-widget-image\" data-id=\"4b2af46\" data-element_type=\"widget\" data-e-type=\"widget\" data-widget_type=\"image.default\">\n\t\t\t\t<div class=\"elementor-widget-container\">\n\t\t\t\t\t\t\t\t\t\t\t\t\t\t\t<img fetchpriority=\"high\" decoding=\"async\" width=\"1024\" height=\"90\" src=\"https:\/\/fundacionfleishman.org\/wp-content\/uploads\/2025\/11\/barradelogo-1024x90.png\" class=\"attachment-large size-large wp-image-25834\" alt=\"\" srcset=\"https:\/\/fundacionfleishman.org\/wp-content\/uploads\/2025\/11\/barradelogo-1024x90.png 1024w, https:\/\/fundacionfleishman.org\/wp-content\/uploads\/2025\/11\/barradelogo-300x26.png 300w, https:\/\/fundacionfleishman.org\/wp-content\/uploads\/2025\/11\/barradelogo-768x67.png 768w, https:\/\/fundacionfleishman.org\/wp-content\/uploads\/2025\/11\/barradelogo-1536x135.png 1536w, https:\/\/fundacionfleishman.org\/wp-content\/uploads\/2025\/11\/barradelogo-2048x180.png 2048w, https:\/\/fundacionfleishman.org\/wp-content\/uploads\/2025\/11\/barradelogo-18x2.png 18w, https:\/\/fundacionfleishman.org\/wp-content\/uploads\/2025\/11\/barradelogo-370x32.png 370w, https:\/\/fundacionfleishman.org\/wp-content\/uploads\/2025\/11\/barradelogo-840x74.png 840w, https:\/\/fundacionfleishman.org\/wp-content\/uploads\/2025\/11\/barradelogo-410x36.png 410w\" sizes=\"(max-width: 1024px) 100vw, 1024px\" \/>\t\t\t\t\t\t\t\t\t\t\t\t\t\t\t<\/div>\n\t\t\t\t<\/div>\n\t\t\t\t\t<\/div>\n\t\t<\/div>\n\t\t\t\t\t<\/div>\n\t\t<\/section>\n\t\t\t\t<section class=\"elementor-section elementor-top-section elementor-element elementor-element-780596a elementor-section-boxed elementor-section-height-default elementor-section-height-default wpr-particle-no wpr-jarallax-no wpr-parallax-no wpr-sticky-section-no sc_fly_static\" data-id=\"780596a\" data-element_type=\"section\" data-e-type=\"section\">\n\t\t\t\t\t\t<div class=\"elementor-container elementor-column-gap-extended\">\n\t\t\t\t\t<div class=\"elementor-column elementor-col-16 elementor-top-column elementor-element elementor-element-29c1a13 sc_inner_width_none sc_content_align_inherit sc_layouts_column_icons_position_left sc_fly_static\" data-id=\"29c1a13\" data-element_type=\"column\" data-e-type=\"column\">\n\t\t\t<div class=\"elementor-widget-wrap\">\n\t\t\t\t\t\t\t<\/div>\n\t\t<\/div>\n\t\t\t\t<div class=\"elementor-column elementor-col-66 elementor-top-column elementor-element elementor-element-ab504ae sc_inner_width_none sc_content_align_inherit sc_layouts_column_icons_position_left sc_fly_static\" data-id=\"ab504ae\" data-element_type=\"column\" data-e-type=\"column\">\n\t\t\t<div class=\"elementor-widget-wrap elementor-element-populated\">\n\t\t\t\t\t\t<div class=\"elementor-element elementor-element-b0e4a07 sc_fly_static elementor-widget elementor-widget-spacer\" data-id=\"b0e4a07\" data-element_type=\"widget\" data-e-type=\"widget\" data-widget_type=\"spacer.default\">\n\t\t\t\t<div class=\"elementor-widget-container\">\n\t\t\t\t\t\t\t<div class=\"elementor-spacer\">\n\t\t\t<div class=\"elementor-spacer-inner\"><\/div>\n\t\t<\/div>\n\t\t\t\t\t\t<\/div>\n\t\t\t\t<\/div>\n\t\t\t\t<div class=\"elementor-element elementor-element-025d318 elementor-widget-laptop__width-initial sc_fly_static elementor-widget elementor-widget-image\" data-id=\"025d318\" data-element_type=\"widget\" data-e-type=\"widget\" data-widget_type=\"image.default\">\n\t\t\t\t<div class=\"elementor-widget-container\">\n\t\t\t\t\t\t\t\t\t\t\t\t\t\t\t<img decoding=\"async\" width=\"300\" height=\"203\" src=\"https:\/\/fundacionfleishman.org\/wp-content\/uploads\/2025\/10\/ANNAFRANK-300x203.png\" class=\"attachment-medium size-medium wp-image-25811\" alt=\"\" srcset=\"https:\/\/fundacionfleishman.org\/wp-content\/uploads\/2025\/10\/ANNAFRANK-300x203.png 300w, https:\/\/fundacionfleishman.org\/wp-content\/uploads\/2025\/10\/ANNAFRANK-1024x691.png 1024w, https:\/\/fundacionfleishman.org\/wp-content\/uploads\/2025\/10\/ANNAFRANK-768x519.png 768w, https:\/\/fundacionfleishman.org\/wp-content\/uploads\/2025\/10\/ANNAFRANK-1536x1037.png 1536w, https:\/\/fundacionfleishman.org\/wp-content\/uploads\/2025\/10\/ANNAFRANK-2048x1383.png 2048w, https:\/\/fundacionfleishman.org\/wp-content\/uploads\/2025\/10\/ANNAFRANK-18x12.png 18w, https:\/\/fundacionfleishman.org\/wp-content\/uploads\/2025\/10\/ANNAFRANK-370x250.png 370w, https:\/\/fundacionfleishman.org\/wp-content\/uploads\/2025\/10\/ANNAFRANK-840x567.png 840w, https:\/\/fundacionfleishman.org\/wp-content\/uploads\/2025\/10\/ANNAFRANK-410x277.png 410w\" sizes=\"(max-width: 300px) 100vw, 300px\" \/>\t\t\t\t\t\t\t\t\t\t\t\t\t\t\t<\/div>\n\t\t\t\t<\/div>\n\t\t\t\t<div class=\"elementor-element elementor-element-f6b92cd sc_fly_static elementor-widget elementor-widget-spacer\" data-id=\"f6b92cd\" data-element_type=\"widget\" data-e-type=\"widget\" data-widget_type=\"spacer.default\">\n\t\t\t\t<div class=\"elementor-widget-container\">\n\t\t\t\t\t\t\t<div class=\"elementor-spacer\">\n\t\t\t<div class=\"elementor-spacer-inner\"><\/div>\n\t\t<\/div>\n\t\t\t\t\t\t<\/div>\n\t\t\t\t<\/div>\n\t\t\t\t<div class=\"elementor-element elementor-element-a4639b8 sc_fly_static elementor-widget elementor-widget-text-editor\" data-id=\"a4639b8\" data-element_type=\"widget\" data-e-type=\"widget\" data-widget_type=\"text-editor.default\">\n\t\t\t\t<div class=\"elementor-widget-container\">\n\t\t\t\t\t\t\t\t\t<h5 class=\"ql-block\" style=\"text-align: center;\" data-block-id=\"block-78c1e77f-282e-45f3-bd90-25085a0bde82\">Fundaci\u00f3n Fleishman y el Museo Memoria y Tolerancia te invitan a vivir &#8220;Ana Frank: Notas de Esperanza&#8221;, una de las exposiciones internacionales m\u00e1s conmovedoras, llega a Tampico.<\/h5>\t\t\t\t\t\t\t\t<\/div>\n\t\t\t\t<\/div>\n\t\t\t\t<div class=\"elementor-element elementor-element-3c2f6cf sc_fly_static elementor-widget elementor-widget-spacer\" data-id=\"3c2f6cf\" data-element_type=\"widget\" data-e-type=\"widget\" data-widget_type=\"spacer.default\">\n\t\t\t\t<div class=\"elementor-widget-container\">\n\t\t\t\t\t\t\t<div class=\"elementor-spacer\">\n\t\t\t<div class=\"elementor-spacer-inner\"><\/div>\n\t\t<\/div>\n\t\t\t\t\t\t<\/div>\n\t\t\t\t<\/div>\n\t\t\t\t<div class=\"elementor-element elementor-element-c6289f2 sc_fly_static elementor-widget elementor-widget-text-editor\" data-id=\"c6289f2\" data-element_type=\"widget\" data-e-type=\"widget\" data-widget_type=\"text-editor.default\">\n\t\t\t\t<div class=\"elementor-widget-container\">\n\t\t\t\t\t\t\t\t\t<div class=\"ql-block\" style=\"text-align: left;\" data-block-id=\"block-78c1e77f-282e-45f3-bd90-25085a0bde82\">Es una experiencia inmersiva que te conecta con la historia de la Segunda Guerra Mundial y el Holocausto a trav\u00e9s del legado de Ana Frank.<\/div><div data-block-id=\"block-78c1e77f-282e-45f3-bd90-25085a0bde82\">\u00a0<\/div><div data-block-id=\"block-78c1e77f-282e-45f3-bd90-25085a0bde82\"><div class=\"ql-block\" data-block-id=\"block-d652389e-bbf8-4197-8135-a2e5f17953cb\"><strong>La Exposici\u00f3n incluye: <\/strong><\/div><ul><li class=\"ql-block\" data-block-id=\"block-d652389e-bbf8-4197-8135-a2e5f17953cb\">Una r\u00e9plica exacta del anexo secreto (&#8220;Casa de atr\u00e1s&#8221;) donde Ana Frank y su familia se ocultaron.<\/li><li class=\"ql-block\" data-block-id=\"block-e4ea60cc-fc39-48db-8374-521fe0347646\">Material visual, textual y audiovisual para contextualizar la ocupaci\u00f3n nazi y el genocidio.<\/li><li class=\"ql-block\" data-block-id=\"block-4f8111ab-fcb1-4625-b235-27dee49664c0\">El Diario de Ana Frank como hilo conductor, destacando su mensaje de esperanza y resiliencia.<\/li><\/ul><p style=\"text-align: center;\"><strong>A trav\u00e9s de esta muestra, te invitamos a fomentar la reflexi\u00f3n sobre la dignidad humana, la tolerancia y la empat\u00eda entre las nuevas generaciones.<\/strong><\/p><p style=\"text-align: center;\"><strong>Es una poderosa invitaci\u00f3n a vivir la memoria para entender que la intolerancia se combate con di\u00e1logo, respeto y educaci\u00f3n, construyendo as\u00ed un futuro mejor.<\/strong><\/p><h4 class=\"ql-block\" style=\"text-align: center;\" data-block-id=\"block-484e047a-37f7-44a7-a23c-8c1c9506c302\">\u00a1No te pierdas esta luz de esperanza que llega por primera vez a Tampico!<\/h4><\/div>\t\t\t\t\t\t\t\t<\/div>\n\t\t\t\t<\/div>\n\t\t\t\t<div class=\"elementor-element elementor-element-350d962 sc_fly_static elementor-widget elementor-widget-spacer\" data-id=\"350d962\" data-element_type=\"widget\" data-e-type=\"widget\" data-widget_type=\"spacer.default\">\n\t\t\t\t<div class=\"elementor-widget-container\">\n\t\t\t\t\t\t\t<div class=\"elementor-spacer\">\n\t\t\t<div class=\"elementor-spacer-inner\"><\/div>\n\t\t<\/div>\n\t\t\t\t\t\t<\/div>\n\t\t\t\t<\/div>\n\t\t\t\t<div class=\"elementor-element elementor-element-46176d6 wpr-promo-box-style-pro-cs sc_fly_static elementor-widget elementor-widget-wpr-promo-box\" data-id=\"46176d6\" data-element_type=\"widget\" data-e-type=\"widget\" data-widget_type=\"wpr-promo-box.default\">\n\t\t\t\t<div class=\"elementor-widget-container\">\n\t\t\t\t\t\n\t\t<div class=\"wpr-promo-box wpr-animation-wrap\">\n\n\t\t\t\t\t\t\t\n\t\t\t\t\t\t\t<div class=\"wpr-promo-box-image\">\n\t\t\t\t\t<div class=\"wpr-promo-box-bg-image wpr-bg-anim-zoom-in wpr-anim-timing-ease-default\" style=\"background-image:url(https:\/\/fundacionfleishman.org\/wp-content\/uploads\/2025\/10\/I9OBSiovL2mtpzKJkeLK.jpg);\"><\/div>\n\t\t\t\t\t<div class=\"wpr-promo-box-bg-overlay wpr-border-anim-none\"><\/div>\n\t\t\t\t<\/div>\n\t\t\t\t\t\t\n\t\t\t<div class=\"wpr-promo-box-content\">\n\n\t\t\t\t\t\t\t\t<div class=\"wpr-promo-box-icon\">\n\t\t\t\t\t\t\t\t\t<\/div>\n\t\t\t\t\n\t\t\t\t<h3 class=\"wpr-promo-box-title\"><span>\u00a1Por tiempo limitado en Tampico!<\/span><\/h3>\n\t\t\t\t\t\t\t\t\t<div class=\"wpr-promo-box-description\">\n\t\t\t\t\t\t<p><h4><span style=\"color: #ffffff\"><strong>Del 12 de diciembre al 10 de mayo del 2026<\/strong> en el Espacio Cultural Metropolitano.\u00a0<\/span><\/h4><h4><span style=\"color: #ffffff\"><strong>Horario:<\/strong> 10:00 am a 6:00 pm<\/span><\/h4><\/p>\t\n\t\t\t\t\t<\/div>\t\t\t\t\t\t\n\t\t\t\t\n\t\t\t\t\t\t\t\t\t<div class=\"wpr-promo-box-btn-wrap\">\n\t\t\t\t\t\t<a class=\"wpr-promo-box-btn\" href=\"https:\/\/share.google\/PNSqnMoRbLO0yz4uW\">\n\n\t\t\t\t\t\t\t\t\t\t\t\t\t\t<span class=\"wpr-promo-box-btn-text\">Ir al mapa<\/span>\t\t\n\t\t\t\t\t\t\t\n\t\t\t\t\t\t\t\t\t\t\t\t\t<\/a>\n\t\t\t\t\t<\/div>\t\n\t\t\t\t\t\t\t<\/div>\n\n\t\t\t\t\t<\/div>\n\n\t\t\t\t\t\t<\/div>\n\t\t\t\t<\/div>\n\t\t\t\t<div class=\"elementor-element elementor-element-3c4ddde sc_fly_static elementor-widget elementor-widget-spacer\" data-id=\"3c4ddde\" data-element_type=\"widget\" data-e-type=\"widget\" data-widget_type=\"spacer.default\">\n\t\t\t\t<div class=\"elementor-widget-container\">\n\t\t\t\t\t\t\t<div class=\"elementor-spacer\">\n\t\t\t<div class=\"elementor-spacer-inner\"><\/div>\n\t\t<\/div>\n\t\t\t\t\t\t<\/div>\n\t\t\t\t<\/div>\n\t\t\t\t\t<\/div>\n\t\t<\/div>\n\t\t\t\t<div class=\"elementor-column elementor-col-16 elementor-top-column elementor-element elementor-element-a7979d2 sc_inner_width_none sc_content_align_inherit sc_layouts_column_icons_position_left sc_fly_static\" data-id=\"a7979d2\" data-element_type=\"column\" data-e-type=\"column\">\n\t\t\t<div class=\"elementor-widget-wrap\">\n\t\t\t\t\t\t\t<\/div>\n\t\t<\/div>\n\t\t\t\t\t<\/div>\n\t\t<\/section>\n\t\t\t\t<\/div>","protected":false},"excerpt":{"rendered":"<p>Fundaci\u00f3n Fleishman y el Museo Memoria y Tolerancia te invitan a vivir &#8220;Ana Frank: Notas de Esperanza&#8221;, una de las exposiciones internacionales m\u00e1s conmovedoras, llega a Tampico. Es una experiencia&hellip;<\/p>","protected":false},"author":3,"featured_media":0,"parent":0,"menu_order":0,"comment_status":"closed","ping_status":"closed","template":"","meta":{"footnotes":""},"class_list":["post-25691","page","type-page","status-publish","hentry"],"_links":{"self":[{"href":"https:\/\/fundacionfleishman.org\/en\/wp-json\/wp\/v2\/pages\/25691","targetHints":{"allow":["GET"]}}],"collection":[{"href":"https:\/\/fundacionfleishman.org\/en\/wp-json\/wp\/v2\/pages"}],"about":[{"href":"https:\/\/fundacionfleishman.org\/en\/wp-json\/wp\/v2\/types\/page"}],"author":[{"embeddable":true,"href":"https:\/\/fundacionfleishman.org\/en\/wp-json\/wp\/v2\/users\/3"}],"replies":[{"embeddable":true,"href":"https:\/\/fundacionfleishman.org\/en\/wp-json\/wp\/v2\/comments?post=25691"}],"version-history":[{"count":37,"href":"https:\/\/fundacionfleishman.org\/en\/wp-json\/wp\/v2\/pages\/25691\/revisions"}],"predecessor-version":[{"id":25842,"href":"https:\/\/fundacionfleishman.org\/en\/wp-json\/wp\/v2\/pages\/25691\/revisions\/25842"}],"wp:attachment":[{"href":"https:\/\/fundacionfleishman.org\/en\/wp-json\/wp\/v2\/media?parent=25691"}],"curies":[{"name":"wp","href":"https:\/\/api.w.org\/{rel}","templated":true}]}}